{"id":155,"date":"2023-03-29T09:43:32","date_gmt":"2023-03-29T09:43:32","guid":{"rendered":"https:\/\/immobilprima.it\/?page_id=155"},"modified":"2023-05-17T09:41:43","modified_gmt":"2023-05-17T09:41:43","slug":"gestione-patrimoni","status":"publish","type":"page","link":"https:\/\/immobilprima.it\/?page_id=155","title":{"rendered":"GESTIONE PATRIMONI IMMOBILIARI"},"content":{"rendered":"\n<p>ImmobilPrima offre un servizio di gestione del patrimonio immobiliare a chiunque essendo titolare di beni da amministrare voglia demandare tale gestione delegando ogni incombenza derivante dalla qualifica di proprietario di immobili.<\/p>\n\n\n\n<p>Parliamo quindi di:<\/p>\n\n\n\n<ul class=\"wp-block-list\">\n<li>Verifica dello stato di manutenzione<\/li>\n<\/ul>\n\n\n\n<ul class=\"wp-block-list\">\n<li>Organizzazione ed effettuazione della manutenzione<\/li>\n<\/ul>\n\n\n\n<ul class=\"wp-block-list\">\n<li>Gestione burocratica di ogni pratica necessaria<\/li>\n<\/ul>\n\n\n\n<ul class=\"wp-block-list\">\n<li>Controllo delle scadenze per la gestione fiscale periodica<\/li>\n<\/ul>\n\n\n\n<ul class=\"wp-block-list\">\n<li>Ottimizzazione fiscale per riduzione a minima tassazione<\/li>\n<\/ul>\n\n\n\n<ul class=\"wp-block-list\">\n<li>Gestione della sicurezza degli immobili<\/li>\n<\/ul>\n\n\n\n<ul class=\"wp-block-list\">\n<li>Protezione legale del capitale <\/li>\n<\/ul>\n\n\n\n<ul class=\"wp-block-list\">\n<li>Controllo delle propriet\u00e0 <\/li>\n<\/ul>\n\n\n\n<ul class=\"wp-block-list\">\n<li>Messa a rendita ottimizzata<\/li>\n<\/ul>\n\n\n\n<ul class=\"wp-block-list\">\n<li>Gestione degli incassi<\/li>\n<\/ul>\n\n\n\n<ul class=\"wp-block-list\">\n<li>Gestione degli adempimenti<\/li>\n<\/ul>\n\n\n\n<ul class=\"wp-block-list\">\n<li>Recupero dei crediti<\/li>\n<\/ul>\n\n\n\n<ul class=\"wp-block-list\">\n<li>Qualsiasi azione legale necessaria<\/li>\n<\/ul>\n\n\n\n<ul class=\"wp-block-list\">\n<li>Gestione legale e commerciale\/fiscale totale da parte di ImmobilPrima mediante lo Studio Legale Tributario e Commerciale &#8220;Studio Prima Business Srl&#8221;, in quanto titolare della stessa organizzazione  ImmobilPrima.<\/li>\n<\/ul>\n\n\n\n<p>In sostanza la propriet\u00e0 non dovr\u00e0 fare nulla, e ricever\u00e0 ogni rendita generata. L&#8217;unico adempimento sar\u00e0 rappresentato dall&#8217;importo da versare per il servizio fiduciario di gestione patrimoniale reso da ImmobilPrima.<\/p>\n\n\n\n<div class=\"wpforms-container wpforms-container-full wpforms-render-modern\" id=\"wpforms-254\"><form id=\"wpforms-form-254\" class=\"wpforms-validate wpforms-form wpforms-ajax-form\" data-formid=\"254\" method=\"post\" enctype=\"multipart\/form-data\" action=\"\/index.php?rest_route=%2Fwp%2Fv2%2Fpages%2F155\" data-token=\"bffb906f49e4aea43d1dc37650439e59\" data-token-time=\"1776760371\"><noscript class=\"wpforms-error-noscript\">Abilita JavaScript nel browser per completare questo modulo.<\/noscript><div class=\"wpforms-hidden\" id=\"wpforms-error-noscript\">Abilita JavaScript nel browser per completare questo modulo.<\/div><div class=\"wpforms-field-container\"><div id=\"wpforms-254-field_16-container\" class=\"wpforms-field wpforms-field-name\" data-field-id=\"16\"><fieldset><legend class=\"wpforms-field-label\">Proponente <span class=\"wpforms-required-label\" aria-hidden=\"true\">*<\/span><\/legend><div class=\"wpforms-field-row wpforms-field-medium\"><div class=\"wpforms-field-row-block wpforms-first wpforms-one-half\"><input type=\"text\" id=\"wpforms-254-field_16\" class=\"wpforms-field-name-first wpforms-field-required\" name=\"wpforms[fields][16][first]\" aria-errormessage=\"wpforms-254-field_16-error\" required><label for=\"wpforms-254-field_16\" class=\"wpforms-field-sublabel after\">Nome<\/label><\/div><div class=\"wpforms-field-row-block wpforms-one-half\"><input type=\"text\" id=\"wpforms-254-field_16-last\" class=\"wpforms-field-name-last wpforms-field-required\" name=\"wpforms[fields][16][last]\" aria-errormessage=\"wpforms-254-field_16-last-error\" required><label for=\"wpforms-254-field_16-last\" class=\"wpforms-field-sublabel after\">Cognome<\/label><\/div><\/div><\/fieldset><\/div><div id=\"wpforms-254-field_17-container\" class=\"wpforms-field wpforms-field-number\" data-field-id=\"17\"><label class=\"wpforms-field-label\" for=\"wpforms-254-field_17\">Telefono <span class=\"wpforms-required-label\" aria-hidden=\"true\">*<\/span><\/label><input type=\"number\" id=\"wpforms-254-field_17\" class=\"wpforms-field-medium wpforms-field-required\" name=\"wpforms[fields][17]\" step=\"any\" aria-errormessage=\"wpforms-254-field_17-error\" required><\/div><div id=\"wpforms-254-field_18-container\" class=\"wpforms-field wpforms-field-email\" data-field-id=\"18\"><fieldset><legend class=\"wpforms-field-label\">Email <span class=\"wpforms-required-label\" aria-hidden=\"true\">*<\/span><\/legend><div class=\"wpforms-field-row wpforms-field-medium\"><div class=\"wpforms-field-row-block wpforms-one-half wpforms-first\"><input type=\"email\" id=\"wpforms-254-field_18\" class=\"wpforms-field-required wpforms-field-email-primary\" name=\"wpforms[fields][18][primary]\" spellcheck=\"false\" aria-errormessage=\"wpforms-254-field_18-error\" required><label for=\"wpforms-254-field_18\" class=\"wpforms-field-sublabel after\">Email<\/label><\/div><div class=\"wpforms-field-row-block wpforms-one-half\"><input type=\"email\" id=\"wpforms-254-field_18-secondary\" class=\"wpforms-field-email-secondary wpforms-field-required\" data-rule-confirm=\"#wpforms-254-field_18\" name=\"wpforms[fields][18][secondary]\" spellcheck=\"false\" aria-errormessage=\"wpforms-254-field_18-secondary-error\" required><label for=\"wpforms-254-field_18-secondary\" class=\"wpforms-field-sublabel after\">Conferma email<\/label><\/div><\/div><\/fieldset><\/div><div id=\"wpforms-254-field_19-container\" class=\"wpforms-field wpforms-field-checkbox\" data-field-id=\"19\"><fieldset><legend class=\"wpforms-field-label\">Titolo rispetto ai beni <span class=\"wpforms-required-label\" aria-hidden=\"true\">*<\/span><\/legend><ul id=\"wpforms-254-field_19\" class=\"wpforms-field-required\"><li class=\"choice-1 depth-1\"><input type=\"checkbox\" id=\"wpforms-254-field_19_1\" name=\"wpforms[fields][19][]\" value=\"Piena esclusiva propriet\u00e0\" aria-errormessage=\"wpforms-254-field_19_1-error\" required ><label class=\"wpforms-field-label-inline\" for=\"wpforms-254-field_19_1\">Piena esclusiva propriet\u00e0<\/label><\/li><li class=\"choice-2 depth-1\"><input type=\"checkbox\" id=\"wpforms-254-field_19_2\" name=\"wpforms[fields][19][]\" value=\"Beni in compropriet\u00e0\" aria-errormessage=\"wpforms-254-field_19_2-error\" required ><label class=\"wpforms-field-label-inline\" for=\"wpforms-254-field_19_2\">Beni in compropriet\u00e0<\/label><\/li><li class=\"choice-3 depth-1\"><input type=\"checkbox\" id=\"wpforms-254-field_19_3\" name=\"wpforms[fields][19][]\" value=\"Beni in gestione, custodia o amministrazione\" aria-errormessage=\"wpforms-254-field_19_3-error\" required ><label class=\"wpforms-field-label-inline\" for=\"wpforms-254-field_19_3\">Beni in gestione, custodia o amministrazione<\/label><\/li><\/ul><\/fieldset><\/div><div id=\"wpforms-254-field_20-container\" class=\"wpforms-field wpforms-field-select wpforms-field-select-style-classic\" data-field-id=\"20\"><label class=\"wpforms-field-label\" for=\"wpforms-254-field_20\">La proposta di gestione inerisce: <span class=\"wpforms-required-label\" aria-hidden=\"true\">*<\/span><\/label><select id=\"wpforms-254-field_20\" class=\"wpforms-field-medium wpforms-field-required\" name=\"wpforms[fields][20]\" required=\"required\"><option value=\"Tutti i beni immobili\" >Tutti i beni immobili<\/option><option value=\"Alcuni beni immobili\" >Alcuni beni immobili<\/option><option value=\"Un immobile\" >Un immobile<\/option><\/select><\/div><div id=\"wpforms-254-field_21-container\" class=\"wpforms-field wpforms-field-radio\" data-field-id=\"21\"><fieldset><legend class=\"wpforms-field-label\">I beni sono ubicati in: <span class=\"wpforms-required-label\" aria-hidden=\"true\">*<\/span><\/legend><ul id=\"wpforms-254-field_21\" class=\"wpforms-field-required\"><li class=\"choice-1 depth-1\"><input type=\"radio\" id=\"wpforms-254-field_21_1\" name=\"wpforms[fields][21]\" value=\"Nord Italia\" aria-errormessage=\"wpforms-254-field_21_1-error\" required ><label class=\"wpforms-field-label-inline\" for=\"wpforms-254-field_21_1\">Nord Italia<\/label><\/li><li class=\"choice-2 depth-1\"><input type=\"radio\" id=\"wpforms-254-field_21_2\" name=\"wpforms[fields][21]\" value=\"Centro Italia\" aria-errormessage=\"wpforms-254-field_21_2-error\" required ><label class=\"wpforms-field-label-inline\" for=\"wpforms-254-field_21_2\">Centro Italia<\/label><\/li><li class=\"choice-3 depth-1\"><input type=\"radio\" id=\"wpforms-254-field_21_3\" name=\"wpforms[fields][21]\" value=\"Sud Italia\" aria-errormessage=\"wpforms-254-field_21_3-error\" required ><label class=\"wpforms-field-label-inline\" for=\"wpforms-254-field_21_3\">Sud Italia<\/label><\/li><li class=\"choice-4 depth-1\"><input type=\"radio\" id=\"wpforms-254-field_21_4\" name=\"wpforms[fields][21]\" value=\"Fuori dall&#039;Italia\" aria-errormessage=\"wpforms-254-field_21_4-error\" required ><label class=\"wpforms-field-label-inline\" for=\"wpforms-254-field_21_4\">Fuori dall'Italia<\/label><\/li><\/ul><\/fieldset><\/div><div id=\"wpforms-254-field_22-container\" class=\"wpforms-field wpforms-field-textarea\" data-field-id=\"22\"><label class=\"wpforms-field-label\" for=\"wpforms-254-field_22\">Indicare le citt\u00e0 in cui si trovano i beni da gestire; in caso di beni all&#039;estero specificare i paesi <span class=\"wpforms-required-label\" aria-hidden=\"true\">*<\/span><\/label><textarea id=\"wpforms-254-field_22\" class=\"wpforms-field-medium wpforms-field-required\" name=\"wpforms[fields][22]\" aria-errormessage=\"wpforms-254-field_22-error\" required><\/textarea><\/div><div id=\"wpforms-254-field_23-container\" class=\"wpforms-field wpforms-field-select wpforms-field-select-style-classic\" data-field-id=\"23\"><label class=\"wpforms-field-label\" for=\"wpforms-254-field_23\">Indicare il valore di mercato del patrimonio immobiliare proposto per la gestione <span class=\"wpforms-required-label\" aria-hidden=\"true\">*<\/span><\/label><select id=\"wpforms-254-field_23\" class=\"wpforms-field-medium wpforms-field-required\" name=\"wpforms[fields][23]\" required=\"required\"><option value=\"100.000 - 300.000\" >100.000 - 300.000<\/option><option value=\"300.001 - 1.000.000\" >300.001 - 1.000.000<\/option><option value=\"1.000.001 - 10.000.000\" >1.000.001 - 10.000.000<\/option><option value=\"oltre 10.000.000\" >oltre 10.000.000<\/option><\/select><\/div><div id=\"wpforms-254-field_24-container\" class=\"wpforms-field wpforms-field-checkbox\" data-field-id=\"24\"><fieldset><legend class=\"wpforms-field-label\">Quali obiettivi per la gestione ? <span class=\"wpforms-required-label\" aria-hidden=\"true\">*<\/span><\/legend><ul id=\"wpforms-254-field_24\" class=\"wpforms-field-required\"><li class=\"choice-1 depth-1\"><input type=\"checkbox\" id=\"wpforms-254-field_24_1\" name=\"wpforms[fields][24][]\" value=\"Manutenzione e mantenimento\" aria-errormessage=\"wpforms-254-field_24_1-error\" required ><label class=\"wpforms-field-label-inline\" for=\"wpforms-254-field_24_1\">Manutenzione e mantenimento<\/label><\/li><li class=\"choice-2 depth-1\"><input type=\"checkbox\" id=\"wpforms-254-field_24_2\" name=\"wpforms[fields][24][]\" value=\"Adempimenti burocratici e fiscali\" aria-errormessage=\"wpforms-254-field_24_2-error\" required ><label class=\"wpforms-field-label-inline\" for=\"wpforms-254-field_24_2\">Adempimenti burocratici e fiscali<\/label><\/li><li class=\"choice-3 depth-1\"><input type=\"checkbox\" id=\"wpforms-254-field_24_3\" name=\"wpforms[fields][24][]\" value=\"Rendita immobiliare\" aria-errormessage=\"wpforms-254-field_24_3-error\" required ><label class=\"wpforms-field-label-inline\" for=\"wpforms-254-field_24_3\">Rendita immobiliare<\/label><\/li><li class=\"choice-4 depth-1\"><input type=\"checkbox\" id=\"wpforms-254-field_24_4\" name=\"wpforms[fields][24][]\" value=\"Vendita immobiliare\" aria-errormessage=\"wpforms-254-field_24_4-error\" required ><label class=\"wpforms-field-label-inline\" for=\"wpforms-254-field_24_4\">Vendita immobiliare<\/label><\/li><li class=\"choice-5 depth-1\"><input type=\"checkbox\" id=\"wpforms-254-field_24_5\" name=\"wpforms[fields][24][]\" value=\"Controllo e sicurezza\" aria-errormessage=\"wpforms-254-field_24_5-error\" required ><label class=\"wpforms-field-label-inline\" for=\"wpforms-254-field_24_5\">Controllo e sicurezza<\/label><\/li><\/ul><\/fieldset><\/div><div id=\"wpforms-254-field_25-container\" class=\"wpforms-field wpforms-field-select wpforms-field-select-style-classic\" data-field-id=\"25\"><label class=\"wpforms-field-label\" for=\"wpforms-254-field_25\">I beni sono liberi da vincoli o gravami? <span class=\"wpforms-required-label\" aria-hidden=\"true\">*<\/span><\/label><select id=\"wpforms-254-field_25\" class=\"wpforms-field-medium wpforms-field-required\" name=\"wpforms[fields][25]\" required=\"required\"><option value=\"Si\" >Si<\/option><option value=\"No\" >No<\/option><option value=\"Parzialmente\" >Parzialmente<\/option><\/select><\/div><\/div><!-- .wpforms-field-container --><div class=\"wpforms-submit-container\" ><input type=\"hidden\" name=\"wpforms[id]\" value=\"254\"><input type=\"hidden\" name=\"page_title\" value=\"\"><input type=\"hidden\" name=\"page_url\" value=\"https:\/\/immobilprima.it\/index.php?rest_route=\/wp\/v2\/pages\/155\"><input type=\"hidden\" name=\"url_referer\" value=\"\"><button type=\"submit\" name=\"wpforms[submit]\" id=\"wpforms-submit-254\" class=\"wpforms-submit\" data-alt-text=\"Invio in corso...\" data-submit-text=\"Invia\" aria-live=\"assertive\" value=\"wpforms-submit\">Invia<\/button><img loading=\"lazy\" decoding=\"async\" src=\"https:\/\/immobilprima.it\/wp-content\/plugins\/wpforms-lite\/assets\/images\/submit-spin.svg\" class=\"wpforms-submit-spinner\" style=\"display: none;\" width=\"26\" height=\"26\" alt=\"Caricamento\"><\/div><\/form><\/div>  <!-- .wpforms-container -->\n\n\n\n<br><br>\n\n\n\n<div class=\"wp-block-buttons is-layout-flex wp-block-buttons-is-layout-flex\">\n<div class=\"wp-block-button\"><a class=\"wp-block-button__link wp-element-button\" href=\"https:\/\/immobilprima.it\/?page_id=67\" target=\"_blank\" rel=\"noreferrer noopener\">Contattaci ora<\/a><\/div>\n\n\n\n<div class=\"wp-block-button\"><a class=\"wp-block-button__link wp-element-button\" href=\"https:\/\/immobilprima.it\/?post_type=immobili\" target=\"_blank\" rel=\"noreferrer noopener\">Immobili in gestione<\/a><\/div>\n<\/div>\n","protected":false},"excerpt":{"rendered":"<p>ImmobilPrima offre un servizio di gestione del patrimonio immobiliare a chiunque essendo titolare di beni da amministrare voglia demandare tale gestione delegando ogni incombenza derivante dalla qualifica di proprietario di immobili. Parliamo quindi di: In sostanza la propriet\u00e0 non dovr\u00e0 fare nulla, e ricever\u00e0 ogni rendita generata. L&#8217;unico adempimento sar\u00e0 rappresentato dall&#8217;importo da versare per [&hellip;]<\/p>\n","protected":false},"author":1,"featured_media":0,"parent":0,"menu_order":0,"comment_status":"closed","ping_status":"closed","template":"","meta":{"footnotes":""},"class_list":["post-155","page","type-page","status-publish","hentry"],"yoast_head":"<!-- This site is optimized with the Yoast SEO plugin v25.3.1 - https:\/\/yoast.com\/wordpress\/plugins\/seo\/ -->\n<title>GESTIONE PATRIMONI IMMOBILIARI - INVESTIMENTI IMMOBILIARI<\/title>\n<meta name=\"robots\" content=\"index, follow, max-snippet:-1, max-image-preview:large, max-video-preview:-1\" \/>\n<link rel=\"canonical\" href=\"https:\/\/immobilprima.it\/?page_id=155\" \/>\n<meta property=\"og:locale\" content=\"it_IT\" \/>\n<meta property=\"og:type\" content=\"article\" \/>\n<meta property=\"og:title\" content=\"GESTIONE PATRIMONI IMMOBILIARI - INVESTIMENTI IMMOBILIARI\" \/>\n<meta property=\"og:description\" content=\"ImmobilPrima offre un servizio di gestione del patrimonio immobiliare a chiunque essendo titolare di beni da amministrare voglia demandare tale gestione delegando ogni incombenza derivante dalla qualifica di proprietario di immobili. Parliamo quindi di: In sostanza la propriet\u00e0 non dovr\u00e0 fare nulla, e ricever\u00e0 ogni rendita generata. L&#8217;unico adempimento sar\u00e0 rappresentato dall&#8217;importo da versare per [&hellip;]\" \/>\n<meta property=\"og:url\" content=\"https:\/\/immobilprima.it\/?page_id=155\" \/>\n<meta property=\"og:site_name\" content=\"INVESTIMENTI IMMOBILIARI\" \/>\n<meta property=\"article:modified_time\" content=\"2023-05-17T09:41:43+00:00\" \/>\n<meta name=\"twitter:card\" content=\"summary_large_image\" \/>\n<meta name=\"twitter:label1\" content=\"Tempo di lettura stimato\" \/>\n\t<meta name=\"twitter:data1\" content=\"1 minuto\" \/>\n<script type=\"application\/ld+json\" class=\"yoast-schema-graph\">{\"@context\":\"https:\/\/schema.org\",\"@graph\":[{\"@type\":\"WebPage\",\"@id\":\"https:\/\/immobilprima.it\/?page_id=155\",\"url\":\"https:\/\/immobilprima.it\/?page_id=155\",\"name\":\"GESTIONE PATRIMONI IMMOBILIARI - INVESTIMENTI IMMOBILIARI\",\"isPartOf\":{\"@id\":\"https:\/\/immobilprima.it\/#website\"},\"datePublished\":\"2023-03-29T09:43:32+00:00\",\"dateModified\":\"2023-05-17T09:41:43+00:00\",\"breadcrumb\":{\"@id\":\"https:\/\/immobilprima.it\/?page_id=155#breadcrumb\"},\"inLanguage\":\"it-IT\",\"potentialAction\":[{\"@type\":\"ReadAction\",\"target\":[\"https:\/\/immobilprima.it\/?page_id=155\"]}]},{\"@type\":\"BreadcrumbList\",\"@id\":\"https:\/\/immobilprima.it\/?page_id=155#breadcrumb\",\"itemListElement\":[{\"@type\":\"ListItem\",\"position\":1,\"name\":\"Home\",\"item\":\"https:\/\/immobilprima.it\/\"},{\"@type\":\"ListItem\",\"position\":2,\"name\":\"GESTIONE PATRIMONI IMMOBILIARI\"}]},{\"@type\":\"WebSite\",\"@id\":\"https:\/\/immobilprima.it\/#website\",\"url\":\"https:\/\/immobilprima.it\/\",\"name\":\"ImmobilPrima\",\"description\":\"Organizziamo stabili soluzioni\",\"publisher\":{\"@id\":\"https:\/\/immobilprima.it\/#organization\"},\"potentialAction\":[{\"@type\":\"SearchAction\",\"target\":{\"@type\":\"EntryPoint\",\"urlTemplate\":\"https:\/\/immobilprima.it\/?s={search_term_string}\"},\"query-input\":{\"@type\":\"PropertyValueSpecification\",\"valueRequired\":true,\"valueName\":\"search_term_string\"}}],\"inLanguage\":\"it-IT\"},{\"@type\":\"Organization\",\"@id\":\"https:\/\/immobilprima.it\/#organization\",\"name\":\"Prima Business\",\"url\":\"https:\/\/immobilprima.it\/\",\"logo\":{\"@type\":\"ImageObject\",\"inLanguage\":\"it-IT\",\"@id\":\"https:\/\/immobilprima.it\/#\/schema\/logo\/image\/\",\"url\":\"https:\/\/immobilprima.it\/wp-content\/uploads\/2023\/03\/prima.png\",\"contentUrl\":\"https:\/\/immobilprima.it\/wp-content\/uploads\/2023\/03\/prima.png\",\"width\":150,\"height\":66,\"caption\":\"Prima Business\"},\"image\":{\"@id\":\"https:\/\/immobilprima.it\/#\/schema\/logo\/image\/\"}}]}<\/script>\n<!-- \/ Yoast SEO plugin. -->","yoast_head_json":{"title":"GESTIONE PATRIMONI IMMOBILIARI - INVESTIMENTI IMMOBILIARI","robots":{"index":"index","follow":"follow","max-snippet":"max-snippet:-1","max-image-preview":"max-image-preview:large","max-video-preview":"max-video-preview:-1"},"canonical":"https:\/\/immobilprima.it\/?page_id=155","og_locale":"it_IT","og_type":"article","og_title":"GESTIONE PATRIMONI IMMOBILIARI - INVESTIMENTI IMMOBILIARI","og_description":"ImmobilPrima offre un servizio di gestione del patrimonio immobiliare a chiunque essendo titolare di beni da amministrare voglia demandare tale gestione delegando ogni incombenza derivante dalla qualifica di proprietario di immobili. Parliamo quindi di: In sostanza la propriet\u00e0 non dovr\u00e0 fare nulla, e ricever\u00e0 ogni rendita generata. L&#8217;unico adempimento sar\u00e0 rappresentato dall&#8217;importo da versare per [&hellip;]","og_url":"https:\/\/immobilprima.it\/?page_id=155","og_site_name":"INVESTIMENTI IMMOBILIARI","article_modified_time":"2023-05-17T09:41:43+00:00","twitter_card":"summary_large_image","twitter_misc":{"Tempo di lettura stimato":"1 minuto"},"schema":{"@context":"https:\/\/schema.org","@graph":[{"@type":"WebPage","@id":"https:\/\/immobilprima.it\/?page_id=155","url":"https:\/\/immobilprima.it\/?page_id=155","name":"GESTIONE PATRIMONI IMMOBILIARI - INVESTIMENTI IMMOBILIARI","isPartOf":{"@id":"https:\/\/immobilprima.it\/#website"},"datePublished":"2023-03-29T09:43:32+00:00","dateModified":"2023-05-17T09:41:43+00:00","breadcrumb":{"@id":"https:\/\/immobilprima.it\/?page_id=155#breadcrumb"},"inLanguage":"it-IT","potentialAction":[{"@type":"ReadAction","target":["https:\/\/immobilprima.it\/?page_id=155"]}]},{"@type":"BreadcrumbList","@id":"https:\/\/immobilprima.it\/?page_id=155#breadcrumb","itemListElement":[{"@type":"ListItem","position":1,"name":"Home","item":"https:\/\/immobilprima.it\/"},{"@type":"ListItem","position":2,"name":"GESTIONE PATRIMONI IMMOBILIARI"}]},{"@type":"WebSite","@id":"https:\/\/immobilprima.it\/#website","url":"https:\/\/immobilprima.it\/","name":"ImmobilPrima","description":"Organizziamo stabili soluzioni","publisher":{"@id":"https:\/\/immobilprima.it\/#organization"},"potentialAction":[{"@type":"SearchAction","target":{"@type":"EntryPoint","urlTemplate":"https:\/\/immobilprima.it\/?s={search_term_string}"},"query-input":{"@type":"PropertyValueSpecification","valueRequired":true,"valueName":"search_term_string"}}],"inLanguage":"it-IT"},{"@type":"Organization","@id":"https:\/\/immobilprima.it\/#organization","name":"Prima Business","url":"https:\/\/immobilprima.it\/","logo":{"@type":"ImageObject","inLanguage":"it-IT","@id":"https:\/\/immobilprima.it\/#\/schema\/logo\/image\/","url":"https:\/\/immobilprima.it\/wp-content\/uploads\/2023\/03\/prima.png","contentUrl":"https:\/\/immobilprima.it\/wp-content\/uploads\/2023\/03\/prima.png","width":150,"height":66,"caption":"Prima Business"},"image":{"@id":"https:\/\/immobilprima.it\/#\/schema\/logo\/image\/"}}]}},"_links":{"self":[{"href":"https:\/\/immobilprima.it\/index.php?rest_route=\/wp\/v2\/pages\/155","targetHints":{"allow":["GET"]}}],"collection":[{"href":"https:\/\/immobilprima.it\/index.php?rest_route=\/wp\/v2\/pages"}],"about":[{"href":"https:\/\/immobilprima.it\/index.php?rest_route=\/wp\/v2\/types\/page"}],"author":[{"embeddable":true,"href":"https:\/\/immobilprima.it\/index.php?rest_route=\/wp\/v2\/users\/1"}],"replies":[{"embeddable":true,"href":"https:\/\/immobilprima.it\/index.php?rest_route=%2Fwp%2Fv2%2Fcomments&post=155"}],"version-history":[{"count":12,"href":"https:\/\/immobilprima.it\/index.php?rest_route=\/wp\/v2\/pages\/155\/revisions"}],"predecessor-version":[{"id":257,"href":"https:\/\/immobilprima.it\/index.php?rest_route=\/wp\/v2\/pages\/155\/revisions\/257"}],"wp:attachment":[{"href":"https:\/\/immobilprima.it\/index.php?rest_route=%2Fwp%2Fv2%2Fmedia&parent=155"}],"curies":[{"name":"wp","href":"https:\/\/api.w.org\/{rel}","templated":true}]}}