{"id":152,"date":"2023-03-29T09:42:48","date_gmt":"2023-03-29T09:42:48","guid":{"rendered":"https:\/\/immobilprima.it\/?page_id=152"},"modified":"2023-05-17T09:52:16","modified_gmt":"2023-05-17T09:52:16","slug":"investimenti","status":"publish","type":"page","link":"https:\/\/immobilprima.it\/?page_id=152","title":{"rendered":"INVESTIMENTI IMMOBILIARI"},"content":{"rendered":"\n<p>ImmobilPrima realizza progetti propri cercando sempre di precorrere i tempi adottando concetti di vivibilit\u00e0 futuristica tendente al rispetto della fondamentale relazione tra uomo e natura.<\/p>\n\n\n\n<p>Tutte le idee vengono sottoposte al mercato lavorando sulla sensibilizzazione delle persone verso i nuovi concetti proposti; in questo meccanismo il ruolo della mission di ImmobilPrima \u00e8 prioritario. Infatti seppur  potr\u00e0 sembrare strano, l&#8217;obiettivo economico non \u00e8 la nostra priorit\u00e0, ovvero, pi\u00f9 precisamente, lo \u00e8 ma a condizione di rispettare le ideologie radicate nella nostra filosofia innovativa ma naturalista.<\/p>\n\n\n\n<p>Non intendiamo l&#8217;innovazione come l&#8217;utilizzo delle ultime tecnologie e materiali a tutti i costi, ma come ritorno alla vera simbiotica e completa naturalit\u00e0, sia dei materiali che degli stili di vita adottati. Pensiamo, progettiamo e realizziamo in funzione della massima simbiosi tra uomo e natura. <\/p>\n\n\n\n<p>Investitori e collaboratori intenzionati a seguire la nostra filosofia sono sempre i benvenuti nella partecipazione agli investimenti immobiliari per realizzare luoghi in cui vivere comodamente ma nella naturalit\u00e0.<\/p>\n\n\n\n<p><\/p>\n\n\n\n<h2 class=\"wp-block-heading\">PROGETTI<\/h2>\n\n\n\n<figure class=\"wp-block-gallery has-nested-images columns-default is-cropped wp-block-gallery-1 is-layout-flex wp-block-gallery-is-layout-flex\">\n<figure class=\"wp-block-image size-large is-style-default\"><img loading=\"lazy\" decoding=\"async\" width=\"987\" height=\"228\" data-id=\"124\" src=\"https:\/\/immobilprima.it\/wp-content\/uploads\/2023\/03\/cropped-cropped-header-immobilprima1024x371.png\" alt=\"\" class=\"wp-image-124\" srcset=\"https:\/\/immobilprima.it\/wp-content\/uploads\/2023\/03\/cropped-cropped-header-immobilprima1024x371.png 987w, https:\/\/immobilprima.it\/wp-content\/uploads\/2023\/03\/cropped-cropped-header-immobilprima1024x371-300x69.png 300w, https:\/\/immobilprima.it\/wp-content\/uploads\/2023\/03\/cropped-cropped-header-immobilprima1024x371-768x177.png 768w\" sizes=\"auto, (max-width: 987px) 100vw, 987px\" \/><\/figure>\n<\/figure>\n\n\n\n<h2 class=\"wp-block-heading\">Bio Casa Modulare<\/h2>\n","protected":false},"excerpt":{"rendered":"<p>ImmobilPrima realizza progetti propri cercando sempre di precorrere i tempi adottando concetti di vivibilit\u00e0 futuristica tendente al rispetto della fondamentale relazione tra uomo e natura. Tutte le idee vengono sottoposte al mercato lavorando sulla sensibilizzazione delle persone verso i nuovi concetti proposti; in questo meccanismo il ruolo della mission di ImmobilPrima \u00e8 prioritario. Infatti seppur [&hellip;]<\/p>\n","protected":false},"author":1,"featured_media":0,"parent":0,"menu_order":0,"comment_status":"closed","ping_status":"closed","template":"","meta":{"footnotes":""},"class_list":["post-152","page","type-page","status-publish","hentry"],"yoast_head":"<!-- This site is optimized with the Yoast SEO plugin v25.3.1 - https:\/\/yoast.com\/wordpress\/plugins\/seo\/ -->\n<title>INVESTIMENTI IMMOBILIARI - INVESTIMENTI IMMOBILIARI<\/title>\n<meta name=\"description\" content=\"investimenti immobiliari su case naturali per persone evolute e futuribili\" \/>\n<meta name=\"robots\" content=\"index, follow, max-snippet:-1, max-image-preview:large, max-video-preview:-1\" \/>\n<link rel=\"canonical\" href=\"https:\/\/immobilprima.it\/?page_id=152\" \/>\n<meta property=\"og:locale\" content=\"it_IT\" \/>\n<meta property=\"og:type\" content=\"article\" \/>\n<meta property=\"og:title\" content=\"INVESTIMENTI IMMOBILIARI - INVESTIMENTI IMMOBILIARI\" \/>\n<meta property=\"og:description\" content=\"investimenti immobiliari su case naturali per persone evolute e futuribili\" \/>\n<meta property=\"og:url\" content=\"https:\/\/immobilprima.it\/?page_id=152\" \/>\n<meta property=\"og:site_name\" content=\"INVESTIMENTI IMMOBILIARI\" \/>\n<meta property=\"article:modified_time\" content=\"2023-05-17T09:52:16+00:00\" \/>\n<meta property=\"og:image\" content=\"https:\/\/immobilprima.it\/wp-content\/uploads\/2023\/03\/cropped-cropped-header-immobilprima1024x371.png\" \/>\n<meta name=\"twitter:card\" content=\"summary_large_image\" \/>\n<meta name=\"twitter:label1\" content=\"Tempo di lettura stimato\" \/>\n\t<meta name=\"twitter:data1\" content=\"2 minuti\" \/>\n<script type=\"application\/ld+json\" class=\"yoast-schema-graph\">{\"@context\":\"https:\/\/schema.org\",\"@graph\":[{\"@type\":\"WebPage\",\"@id\":\"https:\/\/immobilprima.it\/?page_id=152\",\"url\":\"https:\/\/immobilprima.it\/?page_id=152\",\"name\":\"INVESTIMENTI IMMOBILIARI - INVESTIMENTI IMMOBILIARI\",\"isPartOf\":{\"@id\":\"https:\/\/immobilprima.it\/#website\"},\"primaryImageOfPage\":{\"@id\":\"https:\/\/immobilprima.it\/?page_id=152#primaryimage\"},\"image\":{\"@id\":\"https:\/\/immobilprima.it\/?page_id=152#primaryimage\"},\"thumbnailUrl\":\"https:\/\/immobilprima.it\/wp-content\/uploads\/2023\/03\/cropped-cropped-header-immobilprima1024x371.png\",\"datePublished\":\"2023-03-29T09:42:48+00:00\",\"dateModified\":\"2023-05-17T09:52:16+00:00\",\"description\":\"investimenti immobiliari su case naturali per persone evolute e futuribili\",\"breadcrumb\":{\"@id\":\"https:\/\/immobilprima.it\/?page_id=152#breadcrumb\"},\"inLanguage\":\"it-IT\",\"potentialAction\":[{\"@type\":\"ReadAction\",\"target\":[\"https:\/\/immobilprima.it\/?page_id=152\"]}]},{\"@type\":\"ImageObject\",\"inLanguage\":\"it-IT\",\"@id\":\"https:\/\/immobilprima.it\/?page_id=152#primaryimage\",\"url\":\"https:\/\/immobilprima.it\/wp-content\/uploads\/2023\/03\/cropped-cropped-header-immobilprima1024x371.png\",\"contentUrl\":\"https:\/\/immobilprima.it\/wp-content\/uploads\/2023\/03\/cropped-cropped-header-immobilprima1024x371.png\",\"width\":987,\"height\":228},{\"@type\":\"BreadcrumbList\",\"@id\":\"https:\/\/immobilprima.it\/?page_id=152#breadcrumb\",\"itemListElement\":[{\"@type\":\"ListItem\",\"position\":1,\"name\":\"Home\",\"item\":\"https:\/\/immobilprima.it\/\"},{\"@type\":\"ListItem\",\"position\":2,\"name\":\"INVESTIMENTI IMMOBILIARI\"}]},{\"@type\":\"WebSite\",\"@id\":\"https:\/\/immobilprima.it\/#website\",\"url\":\"https:\/\/immobilprima.it\/\",\"name\":\"ImmobilPrima\",\"description\":\"Organizziamo stabili soluzioni\",\"publisher\":{\"@id\":\"https:\/\/immobilprima.it\/#organization\"},\"potentialAction\":[{\"@type\":\"SearchAction\",\"target\":{\"@type\":\"EntryPoint\",\"urlTemplate\":\"https:\/\/immobilprima.it\/?s={search_term_string}\"},\"query-input\":{\"@type\":\"PropertyValueSpecification\",\"valueRequired\":true,\"valueName\":\"search_term_string\"}}],\"inLanguage\":\"it-IT\"},{\"@type\":\"Organization\",\"@id\":\"https:\/\/immobilprima.it\/#organization\",\"name\":\"Prima Business\",\"url\":\"https:\/\/immobilprima.it\/\",\"logo\":{\"@type\":\"ImageObject\",\"inLanguage\":\"it-IT\",\"@id\":\"https:\/\/immobilprima.it\/#\/schema\/logo\/image\/\",\"url\":\"https:\/\/immobilprima.it\/wp-content\/uploads\/2023\/03\/prima.png\",\"contentUrl\":\"https:\/\/immobilprima.it\/wp-content\/uploads\/2023\/03\/prima.png\",\"width\":150,\"height\":66,\"caption\":\"Prima Business\"},\"image\":{\"@id\":\"https:\/\/immobilprima.it\/#\/schema\/logo\/image\/\"}}]}<\/script>\n<!-- \/ Yoast SEO plugin. -->","yoast_head_json":{"title":"INVESTIMENTI IMMOBILIARI - INVESTIMENTI IMMOBILIARI","description":"investimenti immobiliari su case naturali per persone evolute e futuribili","robots":{"index":"index","follow":"follow","max-snippet":"max-snippet:-1","max-image-preview":"max-image-preview:large","max-video-preview":"max-video-preview:-1"},"canonical":"https:\/\/immobilprima.it\/?page_id=152","og_locale":"it_IT","og_type":"article","og_title":"INVESTIMENTI IMMOBILIARI - INVESTIMENTI IMMOBILIARI","og_description":"investimenti immobiliari su case naturali per persone evolute e futuribili","og_url":"https:\/\/immobilprima.it\/?page_id=152","og_site_name":"INVESTIMENTI IMMOBILIARI","article_modified_time":"2023-05-17T09:52:16+00:00","og_image":[{"url":"https:\/\/immobilprima.it\/wp-content\/uploads\/2023\/03\/cropped-cropped-header-immobilprima1024x371.png","type":"","width":"","height":""}],"twitter_card":"summary_large_image","twitter_misc":{"Tempo di lettura stimato":"2 minuti"},"schema":{"@context":"https:\/\/schema.org","@graph":[{"@type":"WebPage","@id":"https:\/\/immobilprima.it\/?page_id=152","url":"https:\/\/immobilprima.it\/?page_id=152","name":"INVESTIMENTI IMMOBILIARI - INVESTIMENTI IMMOBILIARI","isPartOf":{"@id":"https:\/\/immobilprima.it\/#website"},"primaryImageOfPage":{"@id":"https:\/\/immobilprima.it\/?page_id=152#primaryimage"},"image":{"@id":"https:\/\/immobilprima.it\/?page_id=152#primaryimage"},"thumbnailUrl":"https:\/\/immobilprima.it\/wp-content\/uploads\/2023\/03\/cropped-cropped-header-immobilprima1024x371.png","datePublished":"2023-03-29T09:42:48+00:00","dateModified":"2023-05-17T09:52:16+00:00","description":"investimenti immobiliari su case naturali per persone evolute e futuribili","breadcrumb":{"@id":"https:\/\/immobilprima.it\/?page_id=152#breadcrumb"},"inLanguage":"it-IT","potentialAction":[{"@type":"ReadAction","target":["https:\/\/immobilprima.it\/?page_id=152"]}]},{"@type":"ImageObject","inLanguage":"it-IT","@id":"https:\/\/immobilprima.it\/?page_id=152#primaryimage","url":"https:\/\/immobilprima.it\/wp-content\/uploads\/2023\/03\/cropped-cropped-header-immobilprima1024x371.png","contentUrl":"https:\/\/immobilprima.it\/wp-content\/uploads\/2023\/03\/cropped-cropped-header-immobilprima1024x371.png","width":987,"height":228},{"@type":"BreadcrumbList","@id":"https:\/\/immobilprima.it\/?page_id=152#breadcrumb","itemListElement":[{"@type":"ListItem","position":1,"name":"Home","item":"https:\/\/immobilprima.it\/"},{"@type":"ListItem","position":2,"name":"INVESTIMENTI IMMOBILIARI"}]},{"@type":"WebSite","@id":"https:\/\/immobilprima.it\/#website","url":"https:\/\/immobilprima.it\/","name":"ImmobilPrima","description":"Organizziamo stabili soluzioni","publisher":{"@id":"https:\/\/immobilprima.it\/#organization"},"potentialAction":[{"@type":"SearchAction","target":{"@type":"EntryPoint","urlTemplate":"https:\/\/immobilprima.it\/?s={search_term_string}"},"query-input":{"@type":"PropertyValueSpecification","valueRequired":true,"valueName":"search_term_string"}}],"inLanguage":"it-IT"},{"@type":"Organization","@id":"https:\/\/immobilprima.it\/#organization","name":"Prima Business","url":"https:\/\/immobilprima.it\/","logo":{"@type":"ImageObject","inLanguage":"it-IT","@id":"https:\/\/immobilprima.it\/#\/schema\/logo\/image\/","url":"https:\/\/immobilprima.it\/wp-content\/uploads\/2023\/03\/prima.png","contentUrl":"https:\/\/immobilprima.it\/wp-content\/uploads\/2023\/03\/prima.png","width":150,"height":66,"caption":"Prima Business"},"image":{"@id":"https:\/\/immobilprima.it\/#\/schema\/logo\/image\/"}}]}},"_links":{"self":[{"href":"https:\/\/immobilprima.it\/index.php?rest_route=\/wp\/v2\/pages\/152","targetHints":{"allow":["GET"]}}],"collection":[{"href":"https:\/\/immobilprima.it\/index.php?rest_route=\/wp\/v2\/pages"}],"about":[{"href":"https:\/\/immobilprima.it\/index.php?rest_route=\/wp\/v2\/types\/page"}],"author":[{"embeddable":true,"href":"https:\/\/immobilprima.it\/index.php?rest_route=\/wp\/v2\/users\/1"}],"replies":[{"embeddable":true,"href":"https:\/\/immobilprima.it\/index.php?rest_route=%2Fwp%2Fv2%2Fcomments&post=152"}],"version-history":[{"count":5,"href":"https:\/\/immobilprima.it\/index.php?rest_route=\/wp\/v2\/pages\/152\/revisions"}],"predecessor-version":[{"id":259,"href":"https:\/\/immobilprima.it\/index.php?rest_route=\/wp\/v2\/pages\/152\/revisions\/259"}],"wp:attachment":[{"href":"https:\/\/immobilprima.it\/index.php?rest_route=%2Fwp%2Fv2%2Fmedia&parent=152"}],"curies":[{"name":"wp","href":"https:\/\/api.w.org\/{rel}","templated":true}]}}