{"id":110,"date":"2023-03-28T21:01:00","date_gmt":"2023-03-28T21:01:00","guid":{"rendered":"https:\/\/immobilprima.it\/?page_id=110"},"modified":"2023-05-17T11:25:24","modified_gmt":"2023-05-17T11:25:24","slug":"chi-siamo","status":"publish","type":"page","link":"https:\/\/immobilprima.it\/?page_id=110","title":{"rendered":"Chi siamo"},"content":{"rendered":"\n<p>ImmobilPrima \u00e8 una organizzazione creata da professionisti di alto livello dello <a href=\"https:\/\/www.primabusiness.it\" target=\"_blank\" rel=\"noreferrer noopener\">Studio Legale Tributario e Commerciale Prima Business<\/a> di Roma.<\/p>\n\n\n\n<p>Il progetto \u00e8 nato dalla esperienza acquisita nel tempo durante lo svolgimento delle attivit\u00e0 interne, a seguito dei numerosi rapporti fiduciari instaurati con importanti Clienti, che riponendo una consolidata fiducia nei confronti dei professionisti e quindi nel nome dello Studio, hanno manifestato l&#8217;interesse di essere assistiti nella gestione spesso macchinosa e stressante dei patrimoni immobiliari. Proponendo la gestione dei loro patrimoni immobiliari hanno fatto scaturire in noi la necessit\u00e0 di organizzare una nuovo servizio specializzato in questa precisa attivit\u00e0 fiduciaria che richiede un elevato grado di affidabilit\u00e0 e capacit\u00e0. <\/p>\n\n\n\n<p>Oggi possiamo supportare i nostri Clienti con un servizio a valore aggiunto che li aiuta nella ottimizzazione e gestione del patrimonio immobiliare personale, di famiglia o aziendale, sollevandoli da tutte quelle incombenze necessarie per la tutela dei propri interessi.<\/p>\n\n\n\n<p>Il Cliente pu\u00f2 cos\u00ec serenamente dedicarsi ad altre attivit\u00e0 che lo interessano sapendo che grazie alla fiducia che ha potuto in noi riporre, potr\u00e0 vedere gestiti i suoi beni con la stessa sua premura.<\/p>\n\n\n\n<p>Tutto passa attraverso delle fasi progressive di approfondimento e conoscenza del nostro Studio. Il nostro assistito potr\u00e0 chiedere di aderire al servizio di gestione del patrimonio immobiliare quando lo riterr\u00e0 opportuno; ci occuperemo noi di tutto il necessario.<\/p>\n\n\n\n<figure class=\"wp-block-image size-full is-resized\"><img loading=\"lazy\" decoding=\"async\" src=\"https:\/\/immobilprima.it\/wp-content\/uploads\/2023\/05\/edificio1.png\" alt=\"\" class=\"wp-image-240\" width=\"838\" height=\"1112\" srcset=\"https:\/\/immobilprima.it\/wp-content\/uploads\/2023\/05\/edificio1.png 443w, https:\/\/immobilprima.it\/wp-content\/uploads\/2023\/05\/edificio1-226x300.png 226w\" sizes=\"auto, (max-width: 838px) 100vw, 838px\" \/><\/figure>\n","protected":false},"excerpt":{"rendered":"<p>ImmobilPrima \u00e8 una organizzazione creata da professionisti di alto livello dello Studio Legale Tributario e Commerciale Prima Business di Roma. Il progetto \u00e8 nato dalla esperienza acquisita nel tempo durante lo svolgimento delle attivit\u00e0 interne, a seguito dei numerosi rapporti fiduciari instaurati con importanti Clienti, che riponendo una consolidata fiducia nei confronti dei professionisti e [&hellip;]<\/p>\n","protected":false},"author":1,"featured_media":0,"parent":0,"menu_order":0,"comment_status":"closed","ping_status":"closed","template":"","meta":{"footnotes":""},"class_list":["post-110","page","type-page","status-publish","hentry"],"yoast_head":"<!-- This site is optimized with the Yoast SEO plugin v25.3.1 - https:\/\/yoast.com\/wordpress\/plugins\/seo\/ -->\n<title>Chi siamo - INVESTIMENTI IMMOBILIARI<\/title>\n<meta name=\"robots\" content=\"index, follow, max-snippet:-1, max-image-preview:large, max-video-preview:-1\" \/>\n<link rel=\"canonical\" href=\"https:\/\/immobilprima.it\/?page_id=110\" \/>\n<meta property=\"og:locale\" content=\"it_IT\" \/>\n<meta property=\"og:type\" content=\"article\" \/>\n<meta property=\"og:title\" content=\"Chi siamo - INVESTIMENTI IMMOBILIARI\" \/>\n<meta property=\"og:description\" content=\"ImmobilPrima \u00e8 una organizzazione creata da professionisti di alto livello dello Studio Legale Tributario e Commerciale Prima Business di Roma. Il progetto \u00e8 nato dalla esperienza acquisita nel tempo durante lo svolgimento delle attivit\u00e0 interne, a seguito dei numerosi rapporti fiduciari instaurati con importanti Clienti, che riponendo una consolidata fiducia nei confronti dei professionisti e [&hellip;]\" \/>\n<meta property=\"og:url\" content=\"https:\/\/immobilprima.it\/?page_id=110\" \/>\n<meta property=\"og:site_name\" content=\"INVESTIMENTI IMMOBILIARI\" \/>\n<meta property=\"article:modified_time\" content=\"2023-05-17T11:25:24+00:00\" \/>\n<meta property=\"og:image\" content=\"https:\/\/immobilprima.it\/wp-content\/uploads\/2023\/05\/edificio1.png\" \/>\n<meta name=\"twitter:card\" content=\"summary_large_image\" \/>\n<meta name=\"twitter:label1\" content=\"Tempo di lettura stimato\" \/>\n\t<meta name=\"twitter:data1\" content=\"2 minuti\" \/>\n<script type=\"application\/ld+json\" class=\"yoast-schema-graph\">{\"@context\":\"https:\/\/schema.org\",\"@graph\":[{\"@type\":\"WebPage\",\"@id\":\"https:\/\/immobilprima.it\/?page_id=110\",\"url\":\"https:\/\/immobilprima.it\/?page_id=110\",\"name\":\"Chi siamo - INVESTIMENTI IMMOBILIARI\",\"isPartOf\":{\"@id\":\"https:\/\/immobilprima.it\/#website\"},\"primaryImageOfPage\":{\"@id\":\"https:\/\/immobilprima.it\/?page_id=110#primaryimage\"},\"image\":{\"@id\":\"https:\/\/immobilprima.it\/?page_id=110#primaryimage\"},\"thumbnailUrl\":\"https:\/\/immobilprima.it\/wp-content\/uploads\/2023\/05\/edificio1.png\",\"datePublished\":\"2023-03-28T21:01:00+00:00\",\"dateModified\":\"2023-05-17T11:25:24+00:00\",\"breadcrumb\":{\"@id\":\"https:\/\/immobilprima.it\/?page_id=110#breadcrumb\"},\"inLanguage\":\"it-IT\",\"potentialAction\":[{\"@type\":\"ReadAction\",\"target\":[\"https:\/\/immobilprima.it\/?page_id=110\"]}]},{\"@type\":\"ImageObject\",\"inLanguage\":\"it-IT\",\"@id\":\"https:\/\/immobilprima.it\/?page_id=110#primaryimage\",\"url\":\"https:\/\/immobilprima.it\/wp-content\/uploads\/2023\/05\/edificio1.png\",\"contentUrl\":\"https:\/\/immobilprima.it\/wp-content\/uploads\/2023\/05\/edificio1.png\",\"width\":443,\"height\":588},{\"@type\":\"BreadcrumbList\",\"@id\":\"https:\/\/immobilprima.it\/?page_id=110#breadcrumb\",\"itemListElement\":[{\"@type\":\"ListItem\",\"position\":1,\"name\":\"Home\",\"item\":\"https:\/\/immobilprima.it\/\"},{\"@type\":\"ListItem\",\"position\":2,\"name\":\"Chi siamo\"}]},{\"@type\":\"WebSite\",\"@id\":\"https:\/\/immobilprima.it\/#website\",\"url\":\"https:\/\/immobilprima.it\/\",\"name\":\"ImmobilPrima\",\"description\":\"Organizziamo stabili soluzioni\",\"publisher\":{\"@id\":\"https:\/\/immobilprima.it\/#organization\"},\"potentialAction\":[{\"@type\":\"SearchAction\",\"target\":{\"@type\":\"EntryPoint\",\"urlTemplate\":\"https:\/\/immobilprima.it\/?s={search_term_string}\"},\"query-input\":{\"@type\":\"PropertyValueSpecification\",\"valueRequired\":true,\"valueName\":\"search_term_string\"}}],\"inLanguage\":\"it-IT\"},{\"@type\":\"Organization\",\"@id\":\"https:\/\/immobilprima.it\/#organization\",\"name\":\"Prima Business\",\"url\":\"https:\/\/immobilprima.it\/\",\"logo\":{\"@type\":\"ImageObject\",\"inLanguage\":\"it-IT\",\"@id\":\"https:\/\/immobilprima.it\/#\/schema\/logo\/image\/\",\"url\":\"https:\/\/immobilprima.it\/wp-content\/uploads\/2023\/03\/prima.png\",\"contentUrl\":\"https:\/\/immobilprima.it\/wp-content\/uploads\/2023\/03\/prima.png\",\"width\":150,\"height\":66,\"caption\":\"Prima Business\"},\"image\":{\"@id\":\"https:\/\/immobilprima.it\/#\/schema\/logo\/image\/\"}}]}<\/script>\n<!-- \/ Yoast SEO plugin. -->","yoast_head_json":{"title":"Chi siamo - INVESTIMENTI IMMOBILIARI","robots":{"index":"index","follow":"follow","max-snippet":"max-snippet:-1","max-image-preview":"max-image-preview:large","max-video-preview":"max-video-preview:-1"},"canonical":"https:\/\/immobilprima.it\/?page_id=110","og_locale":"it_IT","og_type":"article","og_title":"Chi siamo - INVESTIMENTI IMMOBILIARI","og_description":"ImmobilPrima \u00e8 una organizzazione creata da professionisti di alto livello dello Studio Legale Tributario e Commerciale Prima Business di Roma. Il progetto \u00e8 nato dalla esperienza acquisita nel tempo durante lo svolgimento delle attivit\u00e0 interne, a seguito dei numerosi rapporti fiduciari instaurati con importanti Clienti, che riponendo una consolidata fiducia nei confronti dei professionisti e [&hellip;]","og_url":"https:\/\/immobilprima.it\/?page_id=110","og_site_name":"INVESTIMENTI IMMOBILIARI","article_modified_time":"2023-05-17T11:25:24+00:00","og_image":[{"url":"https:\/\/immobilprima.it\/wp-content\/uploads\/2023\/05\/edificio1.png","type":"","width":"","height":""}],"twitter_card":"summary_large_image","twitter_misc":{"Tempo di lettura stimato":"2 minuti"},"schema":{"@context":"https:\/\/schema.org","@graph":[{"@type":"WebPage","@id":"https:\/\/immobilprima.it\/?page_id=110","url":"https:\/\/immobilprima.it\/?page_id=110","name":"Chi siamo - INVESTIMENTI IMMOBILIARI","isPartOf":{"@id":"https:\/\/immobilprima.it\/#website"},"primaryImageOfPage":{"@id":"https:\/\/immobilprima.it\/?page_id=110#primaryimage"},"image":{"@id":"https:\/\/immobilprima.it\/?page_id=110#primaryimage"},"thumbnailUrl":"https:\/\/immobilprima.it\/wp-content\/uploads\/2023\/05\/edificio1.png","datePublished":"2023-03-28T21:01:00+00:00","dateModified":"2023-05-17T11:25:24+00:00","breadcrumb":{"@id":"https:\/\/immobilprima.it\/?page_id=110#breadcrumb"},"inLanguage":"it-IT","potentialAction":[{"@type":"ReadAction","target":["https:\/\/immobilprima.it\/?page_id=110"]}]},{"@type":"ImageObject","inLanguage":"it-IT","@id":"https:\/\/immobilprima.it\/?page_id=110#primaryimage","url":"https:\/\/immobilprima.it\/wp-content\/uploads\/2023\/05\/edificio1.png","contentUrl":"https:\/\/immobilprima.it\/wp-content\/uploads\/2023\/05\/edificio1.png","width":443,"height":588},{"@type":"BreadcrumbList","@id":"https:\/\/immobilprima.it\/?page_id=110#breadcrumb","itemListElement":[{"@type":"ListItem","position":1,"name":"Home","item":"https:\/\/immobilprima.it\/"},{"@type":"ListItem","position":2,"name":"Chi siamo"}]},{"@type":"WebSite","@id":"https:\/\/immobilprima.it\/#website","url":"https:\/\/immobilprima.it\/","name":"ImmobilPrima","description":"Organizziamo stabili soluzioni","publisher":{"@id":"https:\/\/immobilprima.it\/#organization"},"potentialAction":[{"@type":"SearchAction","target":{"@type":"EntryPoint","urlTemplate":"https:\/\/immobilprima.it\/?s={search_term_string}"},"query-input":{"@type":"PropertyValueSpecification","valueRequired":true,"valueName":"search_term_string"}}],"inLanguage":"it-IT"},{"@type":"Organization","@id":"https:\/\/immobilprima.it\/#organization","name":"Prima Business","url":"https:\/\/immobilprima.it\/","logo":{"@type":"ImageObject","inLanguage":"it-IT","@id":"https:\/\/immobilprima.it\/#\/schema\/logo\/image\/","url":"https:\/\/immobilprima.it\/wp-content\/uploads\/2023\/03\/prima.png","contentUrl":"https:\/\/immobilprima.it\/wp-content\/uploads\/2023\/03\/prima.png","width":150,"height":66,"caption":"Prima Business"},"image":{"@id":"https:\/\/immobilprima.it\/#\/schema\/logo\/image\/"}}]}},"_links":{"self":[{"href":"https:\/\/immobilprima.it\/index.php?rest_route=\/wp\/v2\/pages\/110","targetHints":{"allow":["GET"]}}],"collection":[{"href":"https:\/\/immobilprima.it\/index.php?rest_route=\/wp\/v2\/pages"}],"about":[{"href":"https:\/\/immobilprima.it\/index.php?rest_route=\/wp\/v2\/types\/page"}],"author":[{"embeddable":true,"href":"https:\/\/immobilprima.it\/index.php?rest_route=\/wp\/v2\/users\/1"}],"replies":[{"embeddable":true,"href":"https:\/\/immobilprima.it\/index.php?rest_route=%2Fwp%2Fv2%2Fcomments&post=110"}],"version-history":[{"count":6,"href":"https:\/\/immobilprima.it\/index.php?rest_route=\/wp\/v2\/pages\/110\/revisions"}],"predecessor-version":[{"id":262,"href":"https:\/\/immobilprima.it\/index.php?rest_route=\/wp\/v2\/pages\/110\/revisions\/262"}],"wp:attachment":[{"href":"https:\/\/immobilprima.it\/index.php?rest_route=%2Fwp%2Fv2%2Fmedia&parent=110"}],"curies":[{"name":"wp","href":"https:\/\/api.w.org\/{rel}","templated":true}]}}